{"id":31,"date":"2023-11-13T18:29:19","date_gmt":"2023-11-13T18:29:19","guid":{"rendered":"https:\/\/gallegosconsultores.com.mx\/?page_id=31"},"modified":"2023-11-13T18:29:46","modified_gmt":"2023-11-13T18:29:46","slug":"nosotros","status":"publish","type":"page","link":"https:\/\/gallegosconsultores.com.mx\/index.php\/nosotros\/","title":{"rendered":"Nosotros"},"content":{"rendered":"<p><strong><span class=\"titulos\">GALLEGOS CONSULTORES S.A. DE C.V.<\/span><\/strong>\u00a0somos una empresa dedicada al desarrollo de proyectos estructurales.<br \/>\nNacemos en 1989 por la necesidad de proveer un servicio integral de ingenier\u00eda estructural.<br \/>\nSu fundador el M.I. Armando Gallegos Su\u00e1rez, nuestro actual director general es egresado de la Facultad de Ingenier\u00eda de la UNAM y Maestro en estructuras egresado de la DEPFI, de la UNAM.<\/p>\n<p><strong><span class=\"titulos\">Misi\u00f3n:<\/span><\/strong><br \/>\nGALLEGOS CONSULTORES S.A. DE C.V., somos un equipo de especialistas desarrolladores de proyectos de dise\u00f1o estructural, donde en base a nuestra experiencia y capacidad creativa nos planteamos retos innovadores y damos soluciones comprometidas.<\/p>\n<p><strong><span class=\"titulos\">Visi\u00f3n:<\/span><\/strong><br \/>\nSer l\u00edderes de los proyectos de ingenier\u00eda estructural trascendentes para el desarrollo de nuestro pa\u00eds.<\/p>\n<p><strong><span class=\"titulos\">Valores:<\/span><\/strong><\/p>\n<ul>\n<li>Compromiso<\/li>\n<li>Confianza<\/li>\n<li>Respeto<\/li>\n<li>Pasi\u00f3n<\/li>\n<li>Servicio<\/li>\n<li>Trabajo en equipo<\/li>\n<\/ul>\n","protected":false},"excerpt":{"rendered":"<p>GALLEGOS CONSULTORES S.A. DE C.V.\u00a0somos una empresa dedicada al desarrollo de proyectos estructurales. Nacemos en 1989 por la necesidad de proveer un servicio integral de ingenier\u00eda estructural. Su fundador el M.I. Armando Gallegos Su\u00e1rez, nuestro actual director general es egresado de la Facultad de Ingenier\u00eda de la UNAM y Maestro en estructuras egresado de la&#8230;<\/p>\n","protected":false},"author":1,"featured_media":0,"parent":0,"menu_order":0,"comment_status":"closed","ping_status":"closed","template":"","meta":{"_kadence_starter_templates_imported_post":false,"_kad_post_transparent":"default","_kad_post_title":"default","_kad_post_layout":"default","_kad_post_sidebar_id":"","_kad_post_content_style":"default","_kad_post_vertical_padding":"default","_kad_post_feature":"","_kad_post_feature_position":"","_kad_post_header":false,"_kad_post_footer":false,"footnotes":""},"class_list":["post-31","page","type-page","status-publish","hentry"],"_links":{"self":[{"href":"https:\/\/gallegosconsultores.com.mx\/index.php\/wp-json\/wp\/v2\/pages\/31","targetHints":{"allow":["GET"]}}],"collection":[{"href":"https:\/\/gallegosconsultores.com.mx\/index.php\/wp-json\/wp\/v2\/pages"}],"about":[{"href":"https:\/\/gallegosconsultores.com.mx\/index.php\/wp-json\/wp\/v2\/types\/page"}],"author":[{"embeddable":true,"href":"https:\/\/gallegosconsultores.com.mx\/index.php\/wp-json\/wp\/v2\/users\/1"}],"replies":[{"embeddable":true,"href":"https:\/\/gallegosconsultores.com.mx\/index.php\/wp-json\/wp\/v2\/comments?post=31"}],"version-history":[{"count":2,"href":"https:\/\/gallegosconsultores.com.mx\/index.php\/wp-json\/wp\/v2\/pages\/31\/revisions"}],"predecessor-version":[{"id":33,"href":"https:\/\/gallegosconsultores.com.mx\/index.php\/wp-json\/wp\/v2\/pages\/31\/revisions\/33"}],"wp:attachment":[{"href":"https:\/\/gallegosconsultores.com.mx\/index.php\/wp-json\/wp\/v2\/media?parent=31"}],"curies":[{"name":"wp","href":"https:\/\/api.w.org\/{rel}","templated":true}]}}